{"id":2274,"date":"2024-11-28T09:17:19","date_gmt":"2024-11-28T08:17:19","guid":{"rendered":"https:\/\/activecarbon.es\/?page_id=2274"},"modified":"2025-11-19T08:53:14","modified_gmt":"2025-11-19T07:53:14","slug":"refinado-y-recuperacion-de-oro","status":"publish","type":"page","link":"https:\/\/activecarbon.es\/tr\/aplicaciones-del-carbon-activo\/refinado-y-recuperacion-de-oro\/","title":{"rendered":"Alt\u0131n geri kazan\u0131m\u0131"},"content":{"rendered":"","protected":false},"excerpt":{"rendered":"","protected":false},"author":1,"featured_media":0,"parent":2214,"menu_order":0,"comment_status":"closed","ping_status":"closed","template":"","meta":{"_acf_changed":false,"footnotes":""},"class_list":["post-2274","page","type-page","status-publish","hentry"],"acf":[],"_links":{"self":[{"href":"https:\/\/activecarbon.es\/tr\/wp-json\/wp\/v2\/pages\/2274","targetHints":{"allow":["GET"]}}],"collection":[{"href":"https:\/\/activecarbon.es\/tr\/wp-json\/wp\/v2\/pages"}],"about":[{"href":"https:\/\/activecarbon.es\/tr\/wp-json\/wp\/v2\/types\/page"}],"author":[{"embeddable":true,"href":"https:\/\/activecarbon.es\/tr\/wp-json\/wp\/v2\/users\/1"}],"replies":[{"embeddable":true,"href":"https:\/\/activecarbon.es\/tr\/wp-json\/wp\/v2\/comments?post=2274"}],"version-history":[{"count":0,"href":"https:\/\/activecarbon.es\/tr\/wp-json\/wp\/v2\/pages\/2274\/revisions"}],"up":[{"embeddable":true,"href":"https:\/\/activecarbon.es\/tr\/wp-json\/wp\/v2\/pages\/2214"}],"wp:attachment":[{"href":"https:\/\/activecarbon.es\/tr\/wp-json\/wp\/v2\/media?parent=2274"}],"curies":[{"name":"wp","href":"https:\/\/api.w.org\/{rel}","templated":true}]}}